{"id":1805,"date":"2025-10-26T22:52:33","date_gmt":"2025-10-26T21:52:33","guid":{"rendered":"https:\/\/afriwine.eu\/?post_type=product&#038;p=1805"},"modified":"2025-12-30T15:16:13","modified_gmt":"2025-12-30T14:16:13","slug":"kleine-salze-vintage-vintage-brut-cap-classique-2017","status":"publish","type":"product","link":"https:\/\/afriwine.eu\/nl\/product\/kleine-salze-vintage-vintage-brut-cap-classique-2017\/","title":{"rendered":"Kleine Salze Vintage Vintage Brut Cap Classique 2017"},"content":{"rendered":"<p data-start=\"109\" data-end=\"373\">Een verfijnde, volmondige Cap Classique die de tijdloze harmonie tussen Chardonnay en Pinot Noir laat zien. Na een tweede gisting op fles en een indrukwekkende rijping van zes jaar v\u00f3\u00f3r het d\u00e9gorgement, belichaamt deze wijn diepte, finesse en klassieke elegantie.<\/p>\n<p data-start=\"375\" data-end=\"698\">Bleekgoud van kleur, opent de wijn met verfijnde aroma\u2019s van versgebakken brioche en biscotti, gelaagd met tonen van geroosterde noten en een vleugje citrusschil. In de mond is hij rijk en romig door de langdurige rijping op de lies \u2014 70 maanden op fles \u2014 maar blijft prachtig in balans met een fijne, levendige mousse en een verfrissende afdronk.<\/p>\n<p data-start=\"700\" data-end=\"804\">Een weelderige, gerijpte Cap Classique van uitzonderlijke verfijning \u2014 sierlijk, complex en eindeloos elegant.<\/p>","protected":false},"excerpt":{"rendered":"<p>Een luxueuze vintage Cap Classique met grote diepte en elegantie \u2014 zes jaar gerijpt op de lies voor ultieme verfijning en complexiteit.<\/p>\n<p><img decoding=\"async\" class=\"alignnone wp-image-963\" src=\"http:\/\/afriwine.eu\/wp-content\/uploads\/2023\/06\/Grapes-red.png\" alt=\"\" width=\"36\" height=\"36\" srcset=\"https:\/\/afriwine.eu\/wp-content\/uploads\/2023\/06\/Grapes-red.png 64w, https:\/\/afriwine.eu\/wp-content\/uploads\/2023\/06\/Grapes-red-12x12.png 12w\" sizes=\"(max-width: 36px) 100vw, 36px\" \/>Chardonnay, Piniot Noir<\/p>\n<p><img decoding=\"async\" class=\"alignnone wp-image-964\" src=\"http:\/\/afriwine.eu\/wp-content\/uploads\/2023\/06\/Wineglass-red.png\" alt=\"\" width=\"38\" height=\"38\" srcset=\"https:\/\/afriwine.eu\/wp-content\/uploads\/2023\/06\/Wineglass-red.png 64w, https:\/\/afriwine.eu\/wp-content\/uploads\/2023\/06\/Wineglass-red-12x12.png 12w\" sizes=\"(max-width: 38px) 100vw, 38px\" \/>11% ABV<\/p>\n<p><img decoding=\"async\" class=\"alignnone wp-image-1202\" src=\"http:\/\/afriwine.eu\/wp-content\/uploads\/2023\/07\/Cutlery-red.png\" alt=\"\" width=\"38\" height=\"38\" srcset=\"https:\/\/afriwine.eu\/wp-content\/uploads\/2023\/07\/Cutlery-red.png 50w, https:\/\/afriwine.eu\/wp-content\/uploads\/2023\/07\/Cutlery-red-12x12.png 12w\" sizes=\"(max-width: 38px) 100vw, 38px\" \/>Oesters, vers gebakken vis of een kaasplankje<\/p>","protected":false},"featured_media":1806,"comment_status":"open","ping_status":"closed","template":"","meta":{"_crdt_document":"","_uag_custom_page_level_css":"","site-sidebar-layout":"default","site-content-layout":"default","ast-site-content-layout":"default","site-content-style":"default","site-sidebar-style":"default","ast-global-header-display":"","ast-banner-title-visibility":"","ast-main-header-display":"","ast-hfb-above-header-display":"","ast-hfb-below-header-display":"","ast-hfb-mobile-header-display":"","site-post-title":"","ast-breadcrumbs-content":"","ast-featured-img":"","footer-sml-layout":"","theme-transparent-header-meta":"default","adv-header-id-meta":"","stick-header-meta":"","header-above-stick-meta":"","header-main-stick-meta":"","header-below-stick-meta":"","astra-migrate-meta-layouts":"set","ast-page-background-enabled":"default","ast-page-background-meta":{"desktop":{"background-color":"","background-image":"","background-repeat":"repeat","background-position":"center center","background-size":"auto","background-attachment":"scroll","background-type":"","background-media":"","overlay-type":"","overlay-color":"","overlay-opacity":"","overlay-gradient":""},"tablet":{"background-color":"","background-image":"","background-repeat":"repeat","background-position":"center center","background-size":"auto","background-attachment":"scroll","background-type":"","background-media":"","overlay-type":"","overlay-color":"","overlay-opacity":"","overlay-gradient":""},"mobile":{"background-color":"","background-image":"","background-repeat":"repeat","background-position":"center center","background-size":"auto","background-attachment":"scroll","background-type":"","background-media":"","overlay-type":"","overlay-color":"","overlay-opacity":"","overlay-gradient":""}},"ast-content-background-meta":{"desktop":{"background-color":"var(--ast-global-color-5)","background-image":"","background-repeat":"repeat","background-position":"center center","background-size":"auto","background-attachment":"scroll","background-type":"","background-media":"","overlay-type":"","overlay-color":"","overlay-opacity":"","overlay-gradient":""},"tablet":{"background-color":"var(--ast-global-color-5)","background-image":"","background-repeat":"repeat","background-position":"center center","background-size":"auto","background-attachment":"scroll","background-type":"","background-media":"","overlay-type":"","overlay-color":"","overlay-opacity":"","overlay-gradient":""},"mobile":{"background-color":"var(--ast-global-color-5)","background-image":"","background-repeat":"repeat","background-position":"center center","background-size":"auto","background-attachment":"scroll","background-type":"","background-media":"","overlay-type":"","overlay-color":"","overlay-opacity":"","overlay-gradient":""}},"_themeisle_gutenberg_block_has_review":false},"product_brand":[],"product_cat":[31,29],"product_tag":[],"class_list":{"0":"post-1805","1":"product","2":"type-product","3":"status-publish","4":"has-post-thumbnail","6":"product_cat-cap-classique","7":"product_cat-white","8":"product_shipping_class-shipping-parcel","9":"desktop-align-left","10":"tablet-align-left","11":"mobile-align-left","13":"first","14":"instock","15":"taxable","16":"shipping-taxable","17":"purchasable","18":"product-type-simple"},"uagb_featured_image_src":{"full":["https:\/\/afriwine.eu\/wp-content\/uploads\/2025\/10\/Kleine-Salze-Vintage-Brut.jpg",1024,768,false],"thumbnail":["https:\/\/afriwine.eu\/wp-content\/uploads\/2025\/10\/Kleine-Salze-Vintage-Brut-150x150.jpg",150,150,true],"medium":["https:\/\/afriwine.eu\/wp-content\/uploads\/2025\/10\/Kleine-Salze-Vintage-Brut-300x225.jpg",300,225,true],"medium_large":["https:\/\/afriwine.eu\/wp-content\/uploads\/2025\/10\/Kleine-Salze-Vintage-Brut-768x576.jpg",768,576,true],"large":["https:\/\/afriwine.eu\/wp-content\/uploads\/2025\/10\/Kleine-Salze-Vintage-Brut.jpg",1024,768,false],"1536x1536":["https:\/\/afriwine.eu\/wp-content\/uploads\/2025\/10\/Kleine-Salze-Vintage-Brut.jpg",1024,768,false],"2048x2048":["https:\/\/afriwine.eu\/wp-content\/uploads\/2025\/10\/Kleine-Salze-Vintage-Brut.jpg",1024,768,false],"trp-custom-language-flag":["https:\/\/afriwine.eu\/wp-content\/uploads\/2025\/10\/Kleine-Salze-Vintage-Brut-16x12.jpg",16,12,true],"woocommerce_thumbnail":["https:\/\/afriwine.eu\/wp-content\/uploads\/2025\/10\/Kleine-Salze-Vintage-Brut-300x300.jpg",300,300,true],"woocommerce_single":["https:\/\/afriwine.eu\/wp-content\/uploads\/2025\/10\/Kleine-Salze-Vintage-Brut-600x450.jpg",600,450,true],"woocommerce_gallery_thumbnail":["https:\/\/afriwine.eu\/wp-content\/uploads\/2025\/10\/Kleine-Salze-Vintage-Brut-100x100.jpg",100,100,true]},"uagb_author_info":{"display_name":"Lynn","author_link":"https:\/\/afriwine.eu\/nl\/author\/"},"uagb_comment_info":0,"uagb_excerpt":"A luxurious vintage Cap Classique of great depth and elegance \u2014 matured six years on the lees for ultimate finesse and complexity. Chardonnay, Piniot Noir 11% ABV Oysters, fresh pan-seared fish or a cheese board","_links":{"self":[{"href":"https:\/\/afriwine.eu\/nl\/wp-json\/wp\/v2\/product\/1805","targetHints":{"allow":["GET"]}}],"collection":[{"href":"https:\/\/afriwine.eu\/nl\/wp-json\/wp\/v2\/product"}],"about":[{"href":"https:\/\/afriwine.eu\/nl\/wp-json\/wp\/v2\/types\/product"}],"replies":[{"embeddable":true,"href":"https:\/\/afriwine.eu\/nl\/wp-json\/wp\/v2\/comments?post=1805"}],"wp:featuredmedia":[{"embeddable":true,"href":"https:\/\/afriwine.eu\/nl\/wp-json\/wp\/v2\/media\/1806"}],"wp:attachment":[{"href":"https:\/\/afriwine.eu\/nl\/wp-json\/wp\/v2\/media?parent=1805"}],"wp:term":[{"taxonomy":"product_brand","embeddable":true,"href":"https:\/\/afriwine.eu\/nl\/wp-json\/wp\/v2\/product_brand?post=1805"},{"taxonomy":"product_cat","embeddable":true,"href":"https:\/\/afriwine.eu\/nl\/wp-json\/wp\/v2\/product_cat?post=1805"},{"taxonomy":"product_tag","embeddable":true,"href":"https:\/\/afriwine.eu\/nl\/wp-json\/wp\/v2\/product_tag?post=1805"}],"curies":[{"name":"wp","href":"https:\/\/api.w.org\/{rel}","templated":true}]}}