{"id":1606,"date":"2025-02-01T11:46:55","date_gmt":"2025-02-01T10:46:55","guid":{"rendered":"https:\/\/afriwine.eu\/?post_type=product&#038;p=1606"},"modified":"2025-10-26T17:53:05","modified_gmt":"2025-10-26T16:53:05","slug":"boplaas-cape-vintage-2019","status":"publish","type":"product","link":"http:\/\/afriwine.eu\/nl\/product\/boplaas-cape-vintage-2019\/","title":{"rendered":"Boplaas Cape Vintage 2019"},"content":{"rendered":"<p data-start=\"215\" data-end=\"569\">Rich, dark, and utterly indulgent, this port-style wine pours a deep purplish-black and seduces the senses with bold aromas of cherries, ripe plums, blackberries, violets, pepper, and dark chocolate. The palate is full-bodied and luxurious, with big ripe tannins, perfectly integrated alcohol, and a long, velvety finish that lingers like a final encore.<\/p>\n<p data-start=\"571\" data-end=\"809\">Crafted in the traditional Portuguese style using hand-harvested grapes and time-honoured techniques, this Boplaas Cape Port is the perfect way to end a meal\u2014or serve as dessert in its own right. Bold, memorable, and beautifully made.<\/p>","protected":false},"excerpt":{"rendered":"<p>A bold and luxurious Cape port-style wine, bursting with dark fruit, spice, and chocolate\u2014crafted to be the perfect ending to any meal.<\/p>\n<p><img decoding=\"async\" class=\"alignnone wp-image-963\" src=\"http:\/\/afriwine.eu\/wp-content\/uploads\/2023\/06\/Grapes-red.png\" alt=\"\" width=\"36\" height=\"36\" srcset=\"https:\/\/afriwine.eu\/wp-content\/uploads\/2023\/06\/Grapes-red.png 64w, https:\/\/afriwine.eu\/wp-content\/uploads\/2023\/06\/Grapes-red-12x12.png 12w\" sizes=\"(max-width: 36px) 100vw, 36px\" \/><span id=\"lbl_blendpercent\">80% Touriga Nacional, 18% Tinta Barocca, 2% Souzao<\/span><\/p>\n<p><img decoding=\"async\" class=\"alignnone wp-image-964\" src=\"http:\/\/afriwine.eu\/wp-content\/uploads\/2023\/06\/Wineglass-red.png\" alt=\"\" width=\"38\" height=\"38\" srcset=\"https:\/\/afriwine.eu\/wp-content\/uploads\/2023\/06\/Wineglass-red.png 64w, https:\/\/afriwine.eu\/wp-content\/uploads\/2023\/06\/Wineglass-red-12x12.png 12w\" sizes=\"(max-width: 38px) 100vw, 38px\" \/>18,5% ABV<\/p>\n<p><img decoding=\"async\" class=\"alignnone wp-image-1202\" src=\"http:\/\/afriwine.eu\/wp-content\/uploads\/2023\/07\/Cutlery-red.png\" alt=\"\" width=\"38\" height=\"38\" srcset=\"https:\/\/afriwine.eu\/wp-content\/uploads\/2023\/07\/Cutlery-red.png 50w, https:\/\/afriwine.eu\/wp-content\/uploads\/2023\/07\/Cutlery-red-12x12.png 12w\" sizes=\"(max-width: 38px) 100vw, 38px\" \/>Boplaas Cape Vintage pairs beautifully with a wide range of cheeses\u2014<strong data-start=\"211\" data-end=\"235\">S<\/strong>tilton is a classic, but it complements almost any cheese with ease. For a touch of indulgence, enjoy it with dark chocolate, dried fruits, or toasted nuts. Feeling adventurous? Try it with vanilla ice cream, cr\u00e8me br\u00fbl\u00e9e, or even fresh fruit for a memorable finish to any meal.<\/p>","protected":false},"featured_media":1608,"comment_status":"open","ping_status":"closed","template":"","meta":{"_crdt_document":"","_uag_custom_page_level_css":"","site-sidebar-layout":"default","site-content-layout":"default","ast-site-content-layout":"default","site-content-style":"default","site-sidebar-style":"default","ast-global-header-display":"","ast-banner-title-visibility":"","ast-main-header-display":"","ast-hfb-above-header-display":"","ast-hfb-below-header-display":"","ast-hfb-mobile-header-display":"","site-post-title":"","ast-breadcrumbs-content":"","ast-featured-img":"","footer-sml-layout":"","theme-transparent-header-meta":"default","adv-header-id-meta":"","stick-header-meta":"","header-above-stick-meta":"","header-main-stick-meta":"","header-below-stick-meta":"","astra-migrate-meta-layouts":"set","ast-page-background-enabled":"default","ast-page-background-meta":{"desktop":{"background-color":"","background-image":"","background-repeat":"repeat","background-position":"center center","background-size":"auto","background-attachment":"scroll","background-type":"","background-media":"","overlay-type":"","overlay-color":"","overlay-opacity":"","overlay-gradient":""},"tablet":{"background-color":"","background-image":"","background-repeat":"repeat","background-position":"center center","background-size":"auto","background-attachment":"scroll","background-type":"","background-media":"","overlay-type":"","overlay-color":"","overlay-opacity":"","overlay-gradient":""},"mobile":{"background-color":"","background-image":"","background-repeat":"repeat","background-position":"center center","background-size":"auto","background-attachment":"scroll","background-type":"","background-media":"","overlay-type":"","overlay-color":"","overlay-opacity":"","overlay-gradient":""}},"ast-content-background-meta":{"desktop":{"background-color":"var(--ast-global-color-5)","background-image":"","background-repeat":"repeat","background-position":"center center","background-size":"auto","background-attachment":"scroll","background-type":"","background-media":"","overlay-type":"","overlay-color":"","overlay-opacity":"","overlay-gradient":""},"tablet":{"background-color":"var(--ast-global-color-5)","background-image":"","background-repeat":"repeat","background-position":"center center","background-size":"auto","background-attachment":"scroll","background-type":"","background-media":"","overlay-type":"","overlay-color":"","overlay-opacity":"","overlay-gradient":""},"mobile":{"background-color":"var(--ast-global-color-5)","background-image":"","background-repeat":"repeat","background-position":"center center","background-size":"auto","background-attachment":"scroll","background-type":"","background-media":"","overlay-type":"","overlay-color":"","overlay-opacity":"","overlay-gradient":""}},"_themeisle_gutenberg_block_has_review":false},"product_brand":[],"product_cat":[32],"product_tag":[],"class_list":{"0":"post-1606","1":"product","2":"type-product","3":"status-publish","4":"has-post-thumbnail","6":"product_cat-dessert-port-style-wine","7":"product_shipping_class-shipping-parcel","8":"desktop-align-left","9":"tablet-align-left","10":"mobile-align-left","12":"first","13":"instock","14":"taxable","15":"shipping-taxable","16":"purchasable","17":"product-type-simple"},"uagb_featured_image_src":{"full":["https:\/\/afriwine.eu\/wp-content\/uploads\/2025\/02\/Boplaas-Cape-Vintage.png",1024,768,false],"thumbnail":["https:\/\/afriwine.eu\/wp-content\/uploads\/2025\/02\/Boplaas-Cape-Vintage-150x150.png",150,150,true],"medium":["https:\/\/afriwine.eu\/wp-content\/uploads\/2025\/02\/Boplaas-Cape-Vintage-300x225.png",300,225,true],"medium_large":["https:\/\/afriwine.eu\/wp-content\/uploads\/2025\/02\/Boplaas-Cape-Vintage-768x576.png",768,576,true],"large":["https:\/\/afriwine.eu\/wp-content\/uploads\/2025\/02\/Boplaas-Cape-Vintage.png",1024,768,false],"1536x1536":["https:\/\/afriwine.eu\/wp-content\/uploads\/2025\/02\/Boplaas-Cape-Vintage.png",1024,768,false],"2048x2048":["https:\/\/afriwine.eu\/wp-content\/uploads\/2025\/02\/Boplaas-Cape-Vintage.png",1024,768,false],"trp-custom-language-flag":["https:\/\/afriwine.eu\/wp-content\/uploads\/2025\/02\/Boplaas-Cape-Vintage-16x12.png",16,12,true],"woocommerce_thumbnail":["https:\/\/afriwine.eu\/wp-content\/uploads\/2025\/02\/Boplaas-Cape-Vintage-300x300.png",300,300,true],"woocommerce_single":["https:\/\/afriwine.eu\/wp-content\/uploads\/2025\/02\/Boplaas-Cape-Vintage-600x450.png",600,450,true],"woocommerce_gallery_thumbnail":["https:\/\/afriwine.eu\/wp-content\/uploads\/2025\/02\/Boplaas-Cape-Vintage-100x100.png",100,100,true]},"uagb_author_info":{"display_name":"Lynn","author_link":"http:\/\/afriwine.eu\/nl\/author\/"},"uagb_comment_info":0,"uagb_excerpt":"A bold and luxurious Cape port-style wine, bursting with dark fruit, spice, and chocolate\u2014crafted to be the perfect ending to any meal. 80% Touriga Nacional, 18% Tinta Barocca, 2% Souzao 18,5% ABV Boplaas Cape Vintage pairs beautifully with a wide range of cheeses\u2014Stilton is a classic, but it complements almost any cheese with ease. For&hellip;","_links":{"self":[{"href":"http:\/\/afriwine.eu\/nl\/wp-json\/wp\/v2\/product\/1606","targetHints":{"allow":["GET"]}}],"collection":[{"href":"http:\/\/afriwine.eu\/nl\/wp-json\/wp\/v2\/product"}],"about":[{"href":"http:\/\/afriwine.eu\/nl\/wp-json\/wp\/v2\/types\/product"}],"replies":[{"embeddable":true,"href":"http:\/\/afriwine.eu\/nl\/wp-json\/wp\/v2\/comments?post=1606"}],"wp:featuredmedia":[{"embeddable":true,"href":"http:\/\/afriwine.eu\/nl\/wp-json\/wp\/v2\/media\/1608"}],"wp:attachment":[{"href":"http:\/\/afriwine.eu\/nl\/wp-json\/wp\/v2\/media?parent=1606"}],"wp:term":[{"taxonomy":"product_brand","embeddable":true,"href":"http:\/\/afriwine.eu\/nl\/wp-json\/wp\/v2\/product_brand?post=1606"},{"taxonomy":"product_cat","embeddable":true,"href":"http:\/\/afriwine.eu\/nl\/wp-json\/wp\/v2\/product_cat?post=1606"},{"taxonomy":"product_tag","embeddable":true,"href":"http:\/\/afriwine.eu\/nl\/wp-json\/wp\/v2\/product_tag?post=1606"}],"curies":[{"name":"wp","href":"https:\/\/api.w.org\/{rel}","templated":true}]}}